{"id":112,"date":"2020-12-15T15:52:57","date_gmt":"2020-12-15T15:52:57","guid":{"rendered":"http:\/\/200.17.171.5\/quimica\/?page_id=112"},"modified":"2020-12-15T16:01:36","modified_gmt":"2020-12-15T16:01:36","slug":"area-de-atuacao","status":"publish","type":"page","link":"http:\/\/quimica.caxias.ifrs.edu.br\/index.php\/area-de-atuacao\/","title":{"rendered":"\u00c1rea de Atua\u00e7\u00e3o"},"content":{"rendered":"\n<div style=\"height:40px\" aria-hidden=\"true\" class=\"wp-block-spacer\"><\/div>\n\n\n\n<p>O curso <strong>T&eacute;cnico em Qu&iacute;mica integrado ao Ensino M&eacute;dio<\/strong> apresenta diversas &aacute;reas de atua&ccedil;&atilde;o e tamb&eacute;m possibilitando o aprimoramento dos seus conhecimentos, s&atilde;o elas:<\/p>\n\n\n\n<p><strong>&Aacute;rea de atua&ccedil;&atilde;o:<\/strong> A qu&iacute;mica por si s&oacute; j&aacute; possui v&aacute;rias ramifica&ccedil;&otilde;es, como qu&iacute;mica anal&iacute;tica, qu&iacute;mica org&acirc;nica e muitas outras. Mas voc&ecirc; sabe quais oportunidades no mercado de trabalho est&atilde;o dispon&iacute;veis para quem &eacute; t&eacute;cnico em qu&iacute;mica? Aqui iremos falar um pouquinho sobre as 3 principais &aacute;reas!<\/p>\n\n\n\n<ul><li><strong>LABORATORIAL:<\/strong> o t&eacute;cnico em qu&iacute;mica pode atuar em laborat&oacute;rio realizando an&aacute;lises qu&iacute;micas, an&aacute;lises microbiol&oacute;gicas, amostragens e controle de qualidade. Al&eacute;m disso, pode trabalhar na &aacute;rea de pesquisa dentro de laborat&oacute;rios de ind&uacute;strias e institui&ccedil;&otilde;es de ensino.<\/li><li><strong>COMERCIAL:<\/strong> o t&eacute;cnico em qu&iacute;mica pode atuar na &aacute;rea comercial realizando atividades como vendedor, representante ou at&eacute; como forma de assist&ecirc;ncia t&eacute;cnica.<\/li><li><strong>SECUND&Aacute;RIAS:<\/strong> o t&eacute;cnico em qu&iacute;mica pode atuar dentro de ind&uacute;strias sendo respons&aacute;vel por controle da seguran&ccedil;a do laborat&oacute;rio ou at&eacute; mesmo da manuten&ccedil;&atilde;o dos processos de an&aacute;lise.<\/li><\/ul><p>Essas s&atilde;o s&oacute; algumas das v&aacute;rias possibilidades que voc&ecirc; encontra no mercado de trabalho da &aacute;rea de T&eacute;cnico em Qu&iacute;mica.<\/p>\n\n\n\n<p><strong>Objetivos Espec&iacute;ficos:<\/strong><\/p>\n\n\n\n<ul><li>Desempenho de cargos e fun&ccedil;&otilde;es t&eacute;cnicas no &acirc;mbito das atribui&ccedil;&otilde;es respectivas;<\/li><li>Ensaios e pesquisas em geral;<\/li><li>Pesquisa e desenvolvimento de m&eacute;todos e produtos;<\/li><li>An&aacute;lise qu&iacute;mica e f&iacute;sico-qu&iacute;mica, qu&iacute;mico-biol&oacute;gica, bromatol&oacute;gica, toxicol&oacute;gica e legal, padroniza&ccedil;&atilde;o e controle de qualidade;<\/li><li>Produ&ccedil;&atilde;o, tratamentos pr&eacute;vios e complementares de produtos e res&iacute;duos;<\/li><li>Opera&ccedil;&atilde;o e manuten&ccedil;&atilde;o de equipamentos e instala&ccedil;&otilde;es;<\/li><li>Execu&ccedil;&atilde;o de trabalhos t&eacute;cnicos;<\/li><li>Al&ccedil;ar cargos de dire&ccedil;&atilde;o. supervis&atilde;o, programa&ccedil;&atilde;o, coordena&ccedil;&atilde;o, orienta&ccedil;&atilde;o e responsabilidade t&eacute;cnica no &acirc;mbito das atribui&ccedil;&otilde;es respectivas (respeitando as limita&ccedil;&atilde;o impostas pelo item &ldquo;C&rdquo; do par&aacute;grafo 2&deg; do artigo 20 da Lei Federal n&deg;2.800, de 18 de junho de 1956);<\/li><li>Conduzir o controle de opera&ccedil;&otilde;es e processos industriais, de trabalhos t&eacute;cnicos, reparos e manuten&ccedil;&atilde;o (respeitando as limita&ccedil;&otilde;es impostas pelo item &ldquo;C&rdquo; do par&aacute;grafo 2&deg; do artigo 20 da Lei Federal n&deg;2.800, de 18 de junho de 1956);<\/li><li>Preparar o profissional para que possar atuar nas &aacute;reas determinadas pelo Cat&aacute;logo Nacional de Cursos T&eacute;cnicos para o Curso T&eacute;cnico em Qu&iacute;mica: Ind&uacute;strias, empresas de comercializa&ccedil;&atilde;o e assist&ecirc;ncia t&eacute;cnica, laborat&oacute;rios de ensino, de calibra&ccedil;&atilde;o, de an&aacute;lise e controle de qualidade ambiental.<\/li><li>Entidades de certifica&ccedil;&atilde;o de produtos;<\/li><li>Tratamento de &aacute;guas e de efluentes.<\/li><\/ul><p><strong>Verticaliza&ccedil;&atilde;o:<\/strong> Se voc&ecirc; j&aacute; concluiu o curso t&eacute;cnico em qu&iacute;mica e procura se manter nessa &aacute;rea em um curso superior, aqui listamos alguns cursos onde podemos encontrar a qu&iacute;mica de forma bem presente!<\/p>\n\n\n\n<ul><li>Bioqu&iacute;mica<\/li><li>Biotecnologia<\/li><li>Engenharia de Alimentos<\/li><li>Engenharia de Materiais<\/li><li>Engenharia de Petr&oacute;leo<\/li><li>Engenharia Nuclear<\/li><li>Engenharia Qu&iacute;mica<\/li><li>Licenciatura em Qu&iacute;mica<\/li><li>Qu&iacute;mica Bacharel<\/li><li>Qu&iacute;mica Forense<\/li><li>Qu&iacute;mica Industrial<\/li><\/ul><p><strong>REGISTRO PROFISSIONAL:<\/strong> Voc&ecirc; sabe qual &eacute; a primeira coisa a se fazer ap&oacute;s receber o diploma de T&eacute;cnico em Qu&iacute;mica? Caso esteja interessado em ingressar no mercado de trabalho &eacute; muito importante voc&ecirc; ter o que chamamos de registro profissional. Com ele voc&ecirc; poder&aacute; assinar documentos em seu nome, como t&eacute;cnico, de forma legal. Esse registro deve ser solicitado no Conselho Regional de Qu&iacute;mica da sua regi&atilde;o, mediante o pagamento de uma taxa.<\/p>\n\n\n\n<p>Al&eacute;m disso existem diversas entidades respons&aacute;veis por defenderem os trabalhadores dessa &aacute;rea, s&atilde;o os chamados sindicatos. Voc&ecirc; pode procurar quais existem na sua cidade e\/ou estado e entrar em contato com os respons&aacute;veis para entender como cada entidade funciona!<\/p>\n\n\n\n<div style=\"height:40px\" aria-hidden=\"true\" class=\"wp-block-spacer\"><\/div>\n","protected":false},"excerpt":{"rendered":"<p>O curso T&eacute;cnico em Qu&iacute;mica integrado ao Ensino M&eacute;dio apresenta diversas &aacute;reas de atua&ccedil;&atilde;o e tamb&eacute;m possibilitando o aprimoramento dos seus conhecimentos, s&atilde;o elas: &Aacute;rea de atua&ccedil;&atilde;o: A qu&iacute;mica por&hellip;<\/p>\n","protected":false},"author":2,"featured_media":0,"parent":0,"menu_order":0,"comment_status":"closed","ping_status":"closed","template":"","meta":[],"_links":{"self":[{"href":"http:\/\/quimica.caxias.ifrs.edu.br\/index.php\/wp-json\/wp\/v2\/pages\/112"}],"collection":[{"href":"http:\/\/quimica.caxias.ifrs.edu.br\/index.php\/wp-json\/wp\/v2\/pages"}],"about":[{"href":"http:\/\/quimica.caxias.ifrs.edu.br\/index.php\/wp-json\/wp\/v2\/types\/page"}],"author":[{"embeddable":true,"href":"http:\/\/quimica.caxias.ifrs.edu.br\/index.php\/wp-json\/wp\/v2\/users\/2"}],"replies":[{"embeddable":true,"href":"http:\/\/quimica.caxias.ifrs.edu.br\/index.php\/wp-json\/wp\/v2\/comments?post=112"}],"version-history":[{"count":2,"href":"http:\/\/quimica.caxias.ifrs.edu.br\/index.php\/wp-json\/wp\/v2\/pages\/112\/revisions"}],"predecessor-version":[{"id":126,"href":"http:\/\/quimica.caxias.ifrs.edu.br\/index.php\/wp-json\/wp\/v2\/pages\/112\/revisions\/126"}],"wp:attachment":[{"href":"http:\/\/quimica.caxias.ifrs.edu.br\/index.php\/wp-json\/wp\/v2\/media?parent=112"}],"curies":[{"name":"wp","href":"https:\/\/api.w.org\/{rel}","templated":true}]}}